{"id":16,"date":"2025-04-10T09:18:03","date_gmt":"2025-04-10T09:18:03","guid":{"rendered":"https:\/\/inkphoto.ee\/booking\/%d0%b3%d0%bb%d0%b0%d0%b2%d0%bd%d0%b0%d1%8f\/"},"modified":"2025-04-14T11:22:36","modified_gmt":"2025-04-14T11:22:36","slug":"ink-photostudio-puuvilla-19c-tallinn-online-booking-system","status":"publish","type":"page","link":"https:\/\/inkphoto.ee\/booking\/","title":{"rendered":"INK Photostudio online booking"},"content":{"rendered":"\n<figure class=\"wp-block-image aligncenter size-full is-resized\"><a href=\"https:\/\/inkphotostudio.ee\/\"><img loading=\"lazy\" decoding=\"async\" width=\"280\" height=\"280\" src=\"https:\/\/inkphoto.ee\/booking\/wp-content\/uploads\/2025\/04\/ink-small-ready.png\" alt=\"\" class=\"wp-image-45\" style=\"width:181px;height:auto\" srcset=\"https:\/\/inkphoto.ee\/booking\/wp-content\/uploads\/2025\/04\/ink-small-ready.png 280w, https:\/\/inkphoto.ee\/booking\/wp-content\/uploads\/2025\/04\/ink-small-ready-150x150.png 150w\" sizes=\"auto, (max-width: 280px) 100vw, 280px\" \/><\/a><\/figure>\n\n\n<iframe src=\"https:\/\/inkphoto.ee\/booking\/wp-json\/ssa\/v1\/embed-inner?integration&#038;type&#038;label&#038;types&#038;edit&#038;view&#038;payment_provider&#038;ssa_locale=en&#038;ssa_is_rtl&#038;sid=168339bd69f98def320eef842ebc4e529f991ecc&#038;availability_start_date&#038;availability_end_date&#038;suggest_first_available&#038;suggest_first_available_within_minutes&#038;flow&#038;fallback_flow&#038;time_view&#038;date_view&#038;appointment_types_view=cardList&#038;version&#038;accent_color&#038;background&#038;padding&#038;font&#038;booking_url=https%3A%2F%2Finkphoto.ee%2Fbooking%2F&#038;booking_post_id=16&#038;booking_title=INK+Photostudio+online+booking&#038;_wpnonce=732bd304bb&#038;redirect_post_id&#038;mepr_membership_id#\/\" height=\"400px\" width=\"100%\" name=\"ssa_booking\" loading=\"eager\" frameborder=\"0\" data-skip-lazy=\"1\" class=\"ssa_booking_iframe skip-lazy\" title=\"Book a time\"><\/iframe>\n\n\n<p><\/p>\n\n\n\n<p class=\"has-text-align-center\">INK Photostudio O\u00dc<br><a href=\"mailto:mailto:mshmeljov@gmail.com\"><br><\/a>K\u00f5ik selle saidi materjalid on autori\u00f5igustega kaitstud. J\u00e4rjepidev kasutamine on keelatud.<\/p>\n","protected":false},"excerpt":{"rendered":"<p>INK Photostudio O\u00dcK\u00f5ik selle saidi materjalid on autori\u00f5igustega kaitstud. J\u00e4rjepidev kasutamine on keelatud.<\/p>\n","protected":false},"author":1,"featured_media":0,"parent":0,"menu_order":0,"comment_status":"closed","ping_status":"closed","template":"no-title-sticky-header","meta":{"footnotes":""},"class_list":["post-16","page","type-page","status-publish","hentry"],"aioseo_notices":[],"_links":{"self":[{"href":"https:\/\/inkphoto.ee\/booking\/wp-json\/wp\/v2\/pages\/16","targetHints":{"allow":["GET"]}}],"collection":[{"href":"https:\/\/inkphoto.ee\/booking\/wp-json\/wp\/v2\/pages"}],"about":[{"href":"https:\/\/inkphoto.ee\/booking\/wp-json\/wp\/v2\/types\/page"}],"author":[{"embeddable":true,"href":"https:\/\/inkphoto.ee\/booking\/wp-json\/wp\/v2\/users\/1"}],"replies":[{"embeddable":true,"href":"https:\/\/inkphoto.ee\/booking\/wp-json\/wp\/v2\/comments?post=16"}],"version-history":[{"count":11,"href":"https:\/\/inkphoto.ee\/booking\/wp-json\/wp\/v2\/pages\/16\/revisions"}],"predecessor-version":[{"id":63,"href":"https:\/\/inkphoto.ee\/booking\/wp-json\/wp\/v2\/pages\/16\/revisions\/63"}],"wp:attachment":[{"href":"https:\/\/inkphoto.ee\/booking\/wp-json\/wp\/v2\/media?parent=16"}],"curies":[{"name":"wp","href":"https:\/\/api.w.org\/{rel}","templated":true}]}}